{"id":7,"date":"2025-08-08T15:45:20","date_gmt":"2025-08-08T15:45:20","guid":{"rendered":"https:\/\/propriete.mensosarl.com\/?page_id=7"},"modified":"2025-08-08T16:44:34","modified_gmt":"2025-08-08T16:44:34","slug":"propriete-de-menso-sarl","status":"publish","type":"page","link":"https:\/\/propriete.mensosarl.com\/","title":{"rendered":"Propri\u00e9t\u00e9 de MENSO Sarl"},"content":{"rendered":"\t\t<div data-elementor-type=\"wp-post\" data-elementor-id=\"7\" class=\"elementor elementor-7\">\n\t\t\t\t<div class=\"elementor-element elementor-element-0b22711 e-flex e-con-boxed e-con e-parent\" data-id=\"0b22711\" data-element_type=\"container\">\n\t\t\t\t\t<div class=\"e-con-inner\">\n\t\t\t\t<div class=\"elementor-element elementor-element-83aa990 elementor-widget elementor-widget-spacer\" data-id=\"83aa990\" data-element_type=\"widget\" data-widget_type=\"spacer.default\">\n\t\t\t\t\t\t\t<div class=\"elementor-spacer\">\n\t\t\t<div class=\"elementor-spacer-inner\"><\/div>\n\t\t<\/div>\n\t\t\t\t\t\t<\/div>\n\t\t\t\t<div class=\"elementor-element elementor-element-ad07993 elementor-widget elementor-widget-heading\" data-id=\"ad07993\" data-element_type=\"widget\" data-widget_type=\"heading.default\">\n\t\t\t\t\t<h2 class=\"elementor-heading-title elementor-size-default\">Liste officielle des mat\u00e9riels de \n<br>MENSO Sarl<\/h2>\t\t\t\t<\/div>\n\t\t\t\t<div class=\"elementor-element elementor-element-c9512d5 elementor-widget elementor-widget-text-editor\" data-id=\"c9512d5\" data-element_type=\"widget\" data-widget_type=\"text-editor.default\">\n\t\t\t\t\t\t\t\t\t<p>Merci d\u2019avoir scann\u00e9 le QR code ! Vous acc\u00e9dez ici \u00e0 la liste compl\u00e8te et \u00e0 jour des mat\u00e9riels appartenant au Bureau d\u2019\u00c9tudes MENSO SARL, Ing\u00e9nieur conseil en G\u00e9nie Civil et B\u00e2timent, bas\u00e9 \u00e0 Abidjan en C\u00f4te d&rsquo;Ivoire.<\/p>\t\t\t\t\t\t\t\t<\/div>\n\t\t\t\t<div class=\"elementor-element elementor-element-e0c71f3 elementor-widget elementor-widget-text-editor\" data-id=\"e0c71f3\" data-element_type=\"widget\" data-widget_type=\"text-editor.default\">\n\t\t\t\t\t\t\t\t\t<h2 data-start=\"317\" data-end=\"348\">Informations sur le mat\u00e9riel<\/h2><p data-start=\"350\" data-end=\"479\">Chaque mat\u00e9riel r\u00e9f\u00e9renc\u00e9 ici est identifi\u00e9 par un QR code unique, vous permettant de consulter ses informations essentielles :<\/p><ul data-start=\"481\" data-end=\"719\"><li data-start=\"481\" data-end=\"516\"><p data-start=\"483\" data-end=\"516\"><strong data-start=\"483\" data-end=\"514\">Nom et description compl\u00e8te<\/strong><\/p><\/li><li data-start=\"517\" data-end=\"548\"><p data-start=\"519\" data-end=\"548\"><strong data-start=\"519\" data-end=\"546\">Num\u00e9ro d\u2019identification<\/strong><\/p><\/li><li data-start=\"549\" data-end=\"590\"><p data-start=\"551\" data-end=\"590\"><strong data-start=\"551\" data-end=\"588\">Date d\u2019acquisition et \u00e9tat actuel<\/strong><\/p><\/li><li data-start=\"591\" data-end=\"624\"><p data-start=\"593\" data-end=\"624\"><strong data-start=\"593\" data-end=\"622\">Sp\u00e9cifications techniques<\/strong><\/p><\/li><li data-start=\"625\" data-end=\"674\"><p data-start=\"627\" data-end=\"674\"><strong data-start=\"627\" data-end=\"672\">Localisation au sein de nos installations<\/strong><\/p><\/li><li data-start=\"675\" data-end=\"719\"><p data-start=\"677\" data-end=\"719\"><strong data-start=\"677\" data-end=\"717\">Consignes d\u2019utilisation et entretien<\/strong><\/p><\/li><\/ul><p data-start=\"721\" data-end=\"809\">Cette d\u00e9marche assure un suivi pr\u00e9cis et une gestion rigoureuse de tous nos \u00e9quipements.<\/p>\t\t\t\t\t\t\t\t<\/div>\n\t\t\t\t<div class=\"elementor-element elementor-element-d300fd6 elementor-align-center elementor-widget elementor-widget-button\" data-id=\"d300fd6\" data-element_type=\"widget\" data-widget_type=\"button.default\">\n\t\t\t\t\t\t\t\t\t\t<a class=\"elementor-button elementor-button-link elementor-size-sm\" href=\"#\">\n\t\t\t\t\t\t<span class=\"elementor-button-content-wrapper\">\n\t\t\t\t\t\t\t\t\t<span class=\"elementor-button-text\">Acc\u00e8s \u00e0 la base de donn\u00e9es des mat\u00e9riels de MENSO Sarl<\/span>\n\t\t\t\t\t<\/span>\n\t\t\t\t\t<\/a>\n\t\t\t\t\t\t\t\t<\/div>\n\t\t\t\t<div class=\"elementor-element elementor-element-c942e33 elementor-widget elementor-widget-spacer\" data-id=\"c942e33\" data-element_type=\"widget\" data-widget_type=\"spacer.default\">\n\t\t\t\t\t\t\t<div class=\"elementor-spacer\">\n\t\t\t<div class=\"elementor-spacer-inner\"><\/div>\n\t\t<\/div>\n\t\t\t\t\t\t<\/div>\n\t\t\t\t\t<\/div>\n\t\t\t\t<\/div>\n\t\t\t\t<\/div>\n\t\t","protected":false},"excerpt":{"rendered":"<p>Liste officielle des mat\u00e9riels de MENSO Sarl Merci d\u2019avoir scann\u00e9 le QR code ! Vous acc\u00e9dez ici \u00e0 la liste compl\u00e8te et \u00e0 jour des mat\u00e9riels appartenant au Bureau d\u2019\u00c9tudes MENSO SARL, Ing\u00e9nieur conseil en G\u00e9nie Civil et B\u00e2timent, bas\u00e9 \u00e0 Abidjan en C\u00f4te d&rsquo;Ivoire. Informations sur le mat\u00e9riel Chaque mat\u00e9riel r\u00e9f\u00e9renc\u00e9 ici est identifi\u00e9 [&hellip;]<\/p>\n","protected":false},"author":1,"featured_media":0,"parent":0,"menu_order":0,"comment_status":"closed","ping_status":"closed","template":"","meta":{"footnotes":""},"class_list":["post-7","page","type-page","status-publish","hentry"],"_links":{"self":[{"href":"https:\/\/propriete.mensosarl.com\/index.php\/wp-json\/wp\/v2\/pages\/7","targetHints":{"allow":["GET"]}}],"collection":[{"href":"https:\/\/propriete.mensosarl.com\/index.php\/wp-json\/wp\/v2\/pages"}],"about":[{"href":"https:\/\/propriete.mensosarl.com\/index.php\/wp-json\/wp\/v2\/types\/page"}],"author":[{"embeddable":true,"href":"https:\/\/propriete.mensosarl.com\/index.php\/wp-json\/wp\/v2\/users\/1"}],"replies":[{"embeddable":true,"href":"https:\/\/propriete.mensosarl.com\/index.php\/wp-json\/wp\/v2\/comments?post=7"}],"version-history":[{"count":28,"href":"https:\/\/propriete.mensosarl.com\/index.php\/wp-json\/wp\/v2\/pages\/7\/revisions"}],"predecessor-version":[{"id":81,"href":"https:\/\/propriete.mensosarl.com\/index.php\/wp-json\/wp\/v2\/pages\/7\/revisions\/81"}],"wp:attachment":[{"href":"https:\/\/propriete.mensosarl.com\/index.php\/wp-json\/wp\/v2\/media?parent=7"}],"curies":[{"name":"wp","href":"https:\/\/api.w.org\/{rel}","templated":true}]}}